{"id":66,"date":"2022-08-10T14:56:30","date_gmt":"2022-08-10T12:56:30","guid":{"rendered":"https:\/\/www.annalerntleben.de\/?page_id=66"},"modified":"2024-04-25T15:42:47","modified_gmt":"2024-04-25T13:42:47","slug":"start","status":"publish","type":"page","link":"https:\/\/www.annalerntleben.de\/","title":{"rendered":"Warum diese Seite&#8230;"},"content":{"rendered":"\n<p>Immer wieder denke ich \u201eMach etwas aus deinem Leben\u201c. Genau das tue ich jetzt. Annalerntleben ist f\u00fcr mich eine Leinwand, auf die ich meine inneren Gedanken und Prozesse projiziere, und die euch Lesern eine Ahnung davon gibt, was in mir los ist, egal wie ich nach Au\u00dfen wirke.<\/p>\n\n\n\n<p>Was mir besonders wichtig ist &#8211; sorgt gut f\u00fcr euch. Ich m\u00f6chte Nicht-Betroffenen einen Einblick in ein Leben mit psychischer Erkrankung geben und Betroffenen Mut machen sich zu zeigen und ihnen auch das Gef\u00fchl geben nicht alleine zu sein. Es ist v\u00f6llig in Ordnung wenn ihr die Eintr\u00e4ge nicht lest \/ lesen wollt, euch unwohl damit f\u00fchlt oder euch \u00fcberfordert f\u00fchlt, dann h\u00f6rt auf euer Bauchgef\u00fchl und lasst es lieber. Wenn ihr zu einem Artikel oder Thema Fragen habt oder euch etwas besch\u00e4ftigt, dann z\u00f6gert nicht mich anzusprechen oder anzuschreiben. Es gibt sicher immer wieder Trigger in den Texten, mit denen es dir nicht gut geht. Bitte sorge in dem Fall gut f\u00fcr dich und lies erst weiter, wenn du dich stabil dazu f\u00fchlst. <\/p>\n","protected":false},"excerpt":{"rendered":"<p>Immer wieder denke ich \u201eMach etwas aus deinem Leben\u201c. Genau das tue ich jetzt. Annalerntleben ist f\u00fcr mich eine Leinwand, auf die ich meine inneren Gedanken und Prozesse projiziere, und die euch Lesern eine Ahnung davon gibt, was in mir los ist, egal wie ich nach Au\u00dfen wirke. Was mir besonders wichtig ist &#8211; sorgt gut f\u00fcr euch. Ich m\u00f6chte Nicht-Betroffenen einen Einblick in ein Leben mit psychischer Erkrankung geben und Betroffenen Mut machen sich zu zeigen und ihnen auch&#8230;<\/p>\n<p class=\"read-more\"><a class=\"btn btn-default\" href=\"https:\/\/www.annalerntleben.de\/\">Weiterlesen<span class=\"screen-reader-text\"> Weiterlesen<\/span><\/a><\/p>\n","protected":false},"author":1,"featured_media":0,"parent":0,"menu_order":0,"comment_status":"closed","ping_status":"closed","template":"","meta":{"_s2mail":"yes","footnotes":""},"class_list":["post-66","page","type-page","status-publish","hentry"],"_links":{"self":[{"href":"https:\/\/www.annalerntleben.de\/index.php?rest_route=\/wp\/v2\/pages\/66","targetHints":{"allow":["GET"]}}],"collection":[{"href":"https:\/\/www.annalerntleben.de\/index.php?rest_route=\/wp\/v2\/pages"}],"about":[{"href":"https:\/\/www.annalerntleben.de\/index.php?rest_route=\/wp\/v2\/types\/page"}],"author":[{"embeddable":true,"href":"https:\/\/www.annalerntleben.de\/index.php?rest_route=\/wp\/v2\/users\/1"}],"replies":[{"embeddable":true,"href":"https:\/\/www.annalerntleben.de\/index.php?rest_route=%2Fwp%2Fv2%2Fcomments&post=66"}],"version-history":[{"count":6,"href":"https:\/\/www.annalerntleben.de\/index.php?rest_route=\/wp\/v2\/pages\/66\/revisions"}],"predecessor-version":[{"id":213,"href":"https:\/\/www.annalerntleben.de\/index.php?rest_route=\/wp\/v2\/pages\/66\/revisions\/213"}],"wp:attachment":[{"href":"https:\/\/www.annalerntleben.de\/index.php?rest_route=%2Fwp%2Fv2%2Fmedia&parent=66"}],"curies":[{"name":"wp","href":"https:\/\/api.w.org\/{rel}","templated":true}]}}